{"id":3,"date":"2025-04-05T10:50:05","date_gmt":"2025-04-05T10:50:05","guid":{"rendered":"http:\/\/serwer25149.lh.pl\/kotekmarysi\/?page_id=3"},"modified":"2026-01-28T11:24:56","modified_gmt":"2026-01-28T10:24:56","slug":"informativa-sulla-privacy","status":"publish","type":"page","link":"https:\/\/kotekmarysi.pl\/it\/informativa-sulla-privacy\/","title":{"rendered":"Informativa sulla privacy"},"content":{"rendered":"<h2 class=\"wp-block-heading\">1. Informazioni generali<\/h2>\n\n\n\n<ol class=\"wp-block-list\">\n<li>Questa politica si applica al sito web, che opera sotto l'url:&nbsp;<strong>https:\/\/kotekmarysi.pl\/<\/strong><\/li>\n\n\n\n<li>Il gestore del servizio e amministratore dei dati personali \u00e8: <strong>Fondazione di beneficenza<\/strong>, con sede legale in Aleja Niepodleg\u0142o\u015bci 245\/17, 02-009 Varsavia, NIP 5252518118.<\/li>\n\n\n\n<li>Indirizzo e-mail di contatto dell'operatore: <strong>marysia@kotekmarysi.pl<\/strong><\/li>\n\n\n\n<li>L'Operatore \u00e8 l'Amministratore dei dati personali dell'utente per quanto riguarda i dati che l'utente fornisce volontariamente sul Sito web.<\/li>\n\n\n\n<li>Il Servizio utilizza i dati personali per le seguenti finalit\u00e0:\n<ul class=\"wp-block-list\">\n<li>Gestione di una newsletter<\/li>\n\n\n\n<li>Presentazione del profilo utente agli altri utenti<\/li>\n\n\n\n<li>Gestione delle richieste di informazioni tramite il modulo<\/li>\n\n\n\n<li>Fornitura dei servizi richiesti<\/li>\n<\/ul>\n<\/li>\n\n\n\n<li>Il servizio svolge funzioni per ottenere informazioni sugli utenti e sul loro comportamento nei seguenti modi:\n<ol class=\"wp-block-list\">\n<li>&nbsp;Attraverso i dati inseriti volontariamente nei moduli, che vengono immessi nei sistemi dell'Operatore.<\/li>\n\n\n\n<li>Attraverso la memorizzazione di cookie (i cosiddetti \u201ecookies\") sui dispositivi finali.<\/li>\n<\/ol>\n<\/li>\n<\/ol>\n\n\n\n<h2 class=\"wp-block-heading\">2. Metodi selezionati per la protezione dei dati utilizzati dall'Operatore.<\/h2>\n\n\n\n<ol class=\"wp-block-list\">\n<li>I siti di login e di inserimento dei dati personali sono protetti nel livello di trasmissione (certificato SSL). In questo modo si garantisce che i dati personali e di login inseriti nel sito siano criptati sul computer dell'utente e possano essere letti solo sul server di destinazione.<\/li>\n\n\n\n<li>I dati personali memorizzati nel database sono crittografati in modo tale che solo chi possiede la chiave dell'operatore pu\u00f2 leggerli. In questo modo, i dati sono protetti in caso di furto del database dal server.<\/li>\n\n\n\n<li>Le password degli utenti sono memorizzate sotto forma di hash. La funzione di hash opera in modo unidirezionale - non \u00e8 possibile invertire il suo funzionamento, il che rappresenta oggi lo standard moderno per la memorizzazione delle password degli utenti.<\/li>\n\n\n\n<li>L'operatore modifica periodicamente le password amministrative.<\/li>\n\n\n\n<li>Al fine di ridurre al minimo il rischio di accesso non autorizzato ai dati, l'Operatore dovr\u00e0 utilizzare password composte contenenti lettere maiuscole e minuscole, cifre e caratteri speciali, non pi\u00f9 brevi di 8 caratteri.<\/li>\n\n\n\n<li>Un elemento importante della protezione dei dati \u00e8 l'aggiornamento regolare di tutti i software utilizzati dall'Operatore per il trattamento dei dati personali, il che significa in particolare aggiornamenti regolari dei componenti software.<\/li>\n\n\n\n<li>Per proteggere i dati, l'Operatore esegue regolarmente dei backup.<\/li>\n<\/ol>\n\n\n\n<h2 class=\"wp-block-heading\">3. Hosting<\/h2>\n\n\n\n<ol class=\"wp-block-list\">\n<li>Il servizio \u00e8 ospitato (tecnicamente mantenuto) sul server dell'operatore: lh.pl<\/li>\n\n\n\n<li>La societ\u00e0 di hosting conserva i log a livello di server per garantire l'affidabilit\u00e0 tecnica. I registri possono includere:\n<ul class=\"wp-block-list\">\n<li>risorse specificate da un identificatore URL (indirizzi delle risorse richieste - pagine, file),<\/li>\n\n\n\n<li>la tempistica dell'indagine,<\/li>\n\n\n\n<li>momento dell'invio della risposta,<\/li>\n\n\n\n<li>il nome della stazione client - l'identificazione tramite il protocollo HTTP,<\/li>\n\n\n\n<li>informazioni sugli errori verificatisi durante l'esecuzione della transazione HTTP,<\/li>\n\n\n\n<li>l'URL di una pagina precedentemente visitata dall'utente (referer link), nel caso di un link al sito web,<\/li>\n\n\n\n<li>informazioni sul browser dell'utente,<\/li>\n\n\n\n<li>Informazioni sull'indirizzo IP,<\/li>\n\n\n\n<li>informazioni diagnostiche relative al processo di auto-ordinazione dei servizi tramite registrar sul sito web,<\/li>\n\n\n\n<li>informazioni relative alla gestione delle e-mail indirizzate e inviate dall'Operatore.<\/li>\n<\/ul>\n<\/li>\n<\/ol>\n\n\n\n<h2 class=\"wp-block-heading\">4. I vostri diritti e ulteriori informazioni su come verranno utilizzati i vostri dati<\/h2>\n\n\n\n<ol class=\"wp-block-list\">\n<li>In determinate situazioni, l'Amministratore ha il diritto di trasferire i vostri dati personali ad altri destinatari se ci\u00f2 \u00e8 necessario per l'esecuzione di un contratto stipulato con voi o per l'adempimento di obblighi che incombono all'Amministratore. Ci\u00f2 vale per tali gruppi di destinatari:\n<ul class=\"wp-block-list\">\n<li>societ\u00e0 di hosting su base delegata<\/li>\n\n\n\n<li>operatori di pagamento<\/li>\n\n\n\n<li>societ\u00e0 che forniscono servizi di marketing all'Amministratore<\/li>\n<\/ul>\n<\/li>\n\n\n\n<li>I vostri dati personali saranno trattati dall'Amministratore per un periodo di tempo non superiore a quello necessario per lo svolgimento delle attivit\u00e0 connesse definite da normative separate (ad esempio, in materia di contabilit\u00e0). Per quanto riguarda i dati di marketing, i dati non saranno trattati per pi\u00f9 di 3 anni.<\/li>\n\n\n\n<li>L'utente ha il diritto di richiedere all'Amministratore:\n<ul class=\"wp-block-list\">\n<li>accesso ai dati personali che vi riguardano,<\/li>\n\n\n\n<li>la loro rettifica,<\/li>\n\n\n\n<li>cancellazioni,<\/li>\n\n\n\n<li>limitazione del trattamento,<\/li>\n\n\n\n<li>e la portabilit\u00e0 dei dati.<\/li>\n<\/ul>\n<\/li>\n\n\n\n<li>Lei ha il diritto di opporsi al trattamento di cui al punto 3.3 c) al trattamento dei dati personali ai fini dei legittimi interessi perseguiti dal Titolare, compresa la profilazione, con il diritto di opporsi non esercitabile qualora sussistano validi motivi legittimi per il trattamento che prevalgano sui Suoi interessi, diritti e libert\u00e0, in particolare l'accertamento, l'affermazione o la difesa di diritti.<\/li>\n\n\n\n<li>Le azioni dell'Amministratore possono essere contestate al Presidente dell'Ufficio per la protezione dei dati personali, ul. Stawki 2, 00-193 Varsavia.<\/li>\n\n\n\n<li>Il conferimento dei dati personali \u00e8 volontario, ma necessario per il funzionamento del Servizio.<\/li>\n\n\n\n<li>Il processo decisionale automatizzato, compresa la profilazione, pu\u00f2 essere intrapreso nei vostri confronti al fine di fornire i servizi previsti dal contratto stipulato e ai fini del marketing diretto da parte dell'Amministratore.<\/li>\n\n\n\n<li>I dati personali vengono trasferiti da paesi terzi ai sensi della legislazione sulla protezione dei dati. Ci\u00f2 significa che vengono trasferiti al di fuori dell'Unione Europea.<\/li>\n<\/ol>\n\n\n\n<h2 class=\"wp-block-heading\">5. informazioni sui moduli<\/h2>\n\n\n\n<ol class=\"wp-block-list\">\n<li>Il sito web raccoglie le informazioni fornite volontariamente dall'utente, compresi i dati personali, se forniti.<\/li>\n\n\n\n<li>Il servizio pu\u00f2 salvare informazioni sui parametri di connessione (orario, indirizzo IP).<\/li>\n\n\n\n<li>In alcuni casi, il sito web pu\u00f2 memorizzare informazioni che consentono di collegare i dati del modulo all'indirizzo e-mail dell'utente che lo compila. In questo caso, l'indirizzo e-mail dell'utente compare all'interno dell'url della pagina contenente il modulo.<\/li>\n\n\n\n<li>I dati forniti nel modulo vengono trattati per lo scopo risultante dalla funzione del modulo specifico, ad esempio per elaborare una richiesta di assistenza o un contatto di vendita, la registrazione di servizi, ecc. Ogni volta, il contesto e la descrizione del modulo informano chiaramente l'utente sul suo utilizzo.<\/li>\n<\/ol>\n\n\n\n<h2 class=\"wp-block-heading\">6 Registri dell'amministratore<\/h2>\n\n\n\n<ol class=\"wp-block-list\">\n<li>Le informazioni sul comportamento degli utenti sul sito web possono essere soggette a registrazione. Questi dati vengono utilizzati per l'amministrazione del sito web.<\/li>\n<\/ol>\n\n\n\n<h2 class=\"wp-block-heading\">7 Tecniche di marketing rilevanti<\/h2>\n\n\n\n<ol class=\"wp-block-list\">\n<li>L'operatore utilizza l'analisi statistica del traffico del sito web tramite Google Analytics (Google Inc., con sede negli USA). L'operatore non trasmette dati personali al gestore di questo servizio, ma solo informazioni anonime. Il servizio si basa sull'utilizzo di cookie sul terminale dell'utente. Per quanto riguarda le informazioni sulle preferenze dell'utente raccolte dalla rete pubblicitaria di Google, l'utente pu\u00f2 visualizzare e modificare le informazioni derivanti dai cookie utilizzando il seguente strumento: https:\/\/www.google.com\/ads\/preferences\/.<\/li>\n\n\n\n<li>Il gestore utilizza il pixel di Facebook. Questa tecnologia garantisce che Facebook (Facebook Inc., USA) sappia che una persona registrata presso di lui sta utilizzando il Sito web. L'Operatore non trasmette a Facebook ulteriori dati personali. Il servizio si basa sull'utilizzo di cookie sul terminale dell'utente.<\/li>\n\n\n\n<li>L'Operatore utilizza tecniche di remarketing per abbinare i messaggi pubblicitari al comportamento dell'utente sul sito web, il che pu\u00f2 dare l'illusione che i dati personali dell'utente vengano utilizzati per tracciarlo, ma in pratica nessun dato personale viene trasferito dall'Operatore agli operatori pubblicitari. Un prerequisito tecnologico per tali attivit\u00e0 \u00e8 l'abilitazione dei cookie.<\/li>\n<\/ol>\n\n\n\n<h2 class=\"wp-block-heading\">8 Informazioni sui cookie<\/h2>\n\n\n\n<ol class=\"wp-block-list\">\n<li>Il sito web utilizza i cookie.<\/li>\n\n\n\n<li>I cookie (i cosiddetti \u201ecookies\") sono dati informatici, in particolare file di testo, che vengono memorizzati nell'apparecchiatura terminale dell'Utente del servizio e sono destinati all'uso sul Sito web. I cookie contengono solitamente il nome del sito web da cui provengono, l'ora in cui vengono memorizzati nell'apparecchiatura terminale e un numero univoco.<\/li>\n\n\n\n<li>Il soggetto che inserisce i cookie nell'apparecchiatura terminale dell'Utente del servizio e vi accede \u00e8 l'Operatore del servizio.<\/li>\n\n\n\n<li>I cookie vengono utilizzati per le seguenti finalit\u00e0:\n<ol class=\"wp-block-list\">\n<li>&nbsp;mantenere una sessione dell'utente del Sito web (dopo il login), grazie alla quale l'utente non deve reinserire il proprio login e la propria password in ogni sottopagina del Sito web;<\/li>\n\n\n\n<li>per raggiungere gli obiettivi indicati sopra alla voce \"Tecniche di marketing essenziali\";<\/li>\n<\/ol>\n<\/li>\n\n\n\n<li>Il Sito utilizza due tipi principali di cookie: \u201edi sessione\" (session cookies) e \u201epermanenti\" (persistent cookies). I cookie \u201edi sessione\" sono file temporanei che vengono memorizzati sull'apparecchiatura terminale dell'Utente fino a quando l'Utente non si disconnette, abbandona il sito web o spegne il software (browser web). I cookie \u201epersistenti\" vengono memorizzati sull'apparecchiatura terminale dell'Utente per il tempo specificato nei parametri dei cookie o finch\u00e9 non vengono cancellati dall'Utente.<\/li>\n\n\n\n<li>Il software di navigazione web (browser web) di solito consente di memorizzare i cookie sul terminale dell'Utente per impostazione predefinita. Gli utenti del Sito web possono modificare le proprie impostazioni in merito. Il browser Internet consente di eliminare i cookie. \u00c8 inoltre possibile bloccare automaticamente i cookie. Per ulteriori informazioni, consultare la guida o la documentazione del proprio browser Internet.<\/li>\n\n\n\n<li>Le limitazioni all'uso dei cookie possono influire su alcune delle funzionalit\u00e0 disponibili sul sito web.<\/li>\n\n\n\n<li>I cookie inseriti nell'apparecchiatura terminale dell'Utente del servizio possono essere utilizzati anche da entit\u00e0 che collaborano con l'Operatore del servizio, in particolare le societ\u00e0: Google (Google Inc. con sede negli USA), Facebook (Facebook Inc. con sede negli USA), Twitter (Twitter Inc. con sede negli USA).<\/li>\n<\/ol>\n\n\n\n<h2 class=\"wp-block-heading\">9. Gestione dei cookie: come dare e ritirare il consenso nella pratica?<\/h2>\n\n\n\n<ol class=\"wp-block-list\">\n<li>Se non si desidera ricevere cookie, \u00e8 possibile modificare le impostazioni del browser. Si precisa che la disabilitazione dei cookie essenziali per i processi di autenticazione, sicurezza e mantenimento delle preferenze dell'utente pu\u00f2 rendere difficile, e in casi estremi impossibile, l'utilizzo dei siti web.<\/li>\n\n\n\n<li>Per gestire le impostazioni dei cookie, selezionare il browser web utilizzato dall'elenco sottostante e seguire le istruzioni:<ul><li><a href=\"https:\/\/support.microsoft.com\/pl-pl\/help\/10607\/microsoft-edge-view-delete-browser-history\" rel=\"nofollow noopener\" target=\"_blank\">Bordo<\/a><\/li><li><a href=\"https:\/\/support.microsoft.com\/pl-pl\/help\/278835\/how-to-delete-cookie-files-in-internet-explorer\" rel=\"nofollow noopener\" target=\"_blank\">Internet Explorer<\/a><\/li><li><a href=\"http:\/\/support.google.com\/chrome\/bin\/answer.py?hl=pl&amp;answer=95647\" rel=\"nofollow noopener\" target=\"_blank\">Cromo<\/a><\/li><li><a href=\"http:\/\/support.apple.com\/kb\/PH5042\" rel=\"nofollow noopener\" target=\"_blank\">Safari<\/a><\/li><li><a href=\"http:\/\/support.mozilla.org\/pl\/kb\/W%C5%82%C4%85czanie%20i%20wy%C5%82%C4%85czanie%20obs%C5%82ugi%20ciasteczek\" rel=\"nofollow noopener\" target=\"_blank\">Firefox<\/a><\/li><li><a href=\"http:\/\/help.opera.com\/Windows\/12.10\/pl\/cookies.html\" rel=\"nofollow noopener\" target=\"_blank\">Opera<\/a><\/li><\/ul>Dispositivi mobili:\n<ul class=\"wp-block-list\">\n<li><a href=\"http:\/\/support.google.com\/chrome\/bin\/answer.py?hl=pl&amp;answer=95647\" rel=\"nofollow noopener\" target=\"_blank\">Android<\/a><\/li>\n\n\n\n<li><a href=\"http:\/\/support.apple.com\/kb\/HT1677?viewlocale=pl_PL\" rel=\"nofollow noopener\" target=\"_blank\">Safari (iOS)<\/a><\/li>\n\n\n\n<li><a href=\"http:\/\/www.windowsphone.com\/pl-pl\/how-to\/wp7\/web\/changing-privacy-and-other-browser-settings\" rel=\"nofollow noopener\" target=\"_blank\">Windows Phone<\/a><\/li>\n<\/ul>\n<\/li>\n<\/ol>\n\n\n\n<p><\/p>","protected":false},"excerpt":{"rendered":"<p>1) Informazioni generali 2) Metodi selezionati di protezione dei dati utilizzati dall'Operatore 3) Hosting 4) I vostri diritti e ulteriori informazioni sull'utilizzo dei vostri dati 5) Informazioni nei moduli 6) Registri dell'amministratore 7) Tecniche di marketing rilevanti 8) Informazioni sui cookie 9) Gestione dei cookie - come dare e ritirare il consenso nella pratica?<\/p>","protected":false},"author":1,"featured_media":0,"parent":0,"menu_order":0,"comment_status":"closed","ping_status":"closed","template":"","meta":{"footnotes":""},"class_list":["post-3","page","type-page","status-publish","hentry"],"acf":[],"_links":{"self":[{"href":"https:\/\/kotekmarysi.pl\/it\/wp-json\/wp\/v2\/pages\/3","targetHints":{"allow":["GET"]}}],"collection":[{"href":"https:\/\/kotekmarysi.pl\/it\/wp-json\/wp\/v2\/pages"}],"about":[{"href":"https:\/\/kotekmarysi.pl\/it\/wp-json\/wp\/v2\/types\/page"}],"author":[{"embeddable":true,"href":"https:\/\/kotekmarysi.pl\/it\/wp-json\/wp\/v2\/users\/1"}],"replies":[{"embeddable":true,"href":"https:\/\/kotekmarysi.pl\/it\/wp-json\/wp\/v2\/comments?post=3"}],"version-history":[{"count":5,"href":"https:\/\/kotekmarysi.pl\/it\/wp-json\/wp\/v2\/pages\/3\/revisions"}],"predecessor-version":[{"id":2791,"href":"https:\/\/kotekmarysi.pl\/it\/wp-json\/wp\/v2\/pages\/3\/revisions\/2791"}],"wp:attachment":[{"href":"https:\/\/kotekmarysi.pl\/it\/wp-json\/wp\/v2\/media?parent=3"}],"curies":[{"name":"wp","href":"https:\/\/api.w.org\/{rel}","templated":true}]}}