{"id":3,"date":"2025-04-05T10:50:05","date_gmt":"2025-04-05T10:50:05","guid":{"rendered":"http:\/\/serwer25149.lh.pl\/kotekmarysi\/?page_id=3"},"modified":"2026-01-28T11:24:56","modified_gmt":"2026-01-28T10:24:56","slug":"datenschutzbestimmungen","status":"publish","type":"page","link":"https:\/\/kotekmarysi.pl\/de\/datenschutzbestimmungen\/","title":{"rendered":"Datenschutzbestimmungen"},"content":{"rendered":"<h2 class=\"wp-block-heading\">1. allgemeine Informationen<\/h2>\n\n\n\n<ol class=\"wp-block-list\">\n<li>Diese Politik gilt f\u00fcr die Website, die unter der Url:&nbsp;<strong>https:\/\/kotekmarysi.pl\/<\/strong><\/li>\n\n\n\n<li>Der Betreiber des Dienstes und Verwalter der personenbezogenen Daten ist: <strong>Wohlt\u00e4tigkeitsstiftung<\/strong>, mit Sitz in Aleja Niepodleg\u0142o\u015bci 245\/17, 02-009 Warschau, NIP 5252518118.<\/li>\n\n\n\n<li>Kontakt-E-Mail-Adresse des Betreibers: <strong>marysia@kotekmarysi.pl<\/strong><\/li>\n\n\n\n<li>Der Betreiber ist der Verwalter Ihrer pers\u00f6nlichen Daten in Bezug auf die Daten, die Sie freiwillig auf der Website angeben.<\/li>\n\n\n\n<li>Der Dienst verwendet personenbezogene Daten f\u00fcr die folgenden Zwecke:\n<ul class=\"wp-block-list\">\n<li>Erstellung eines Newsletters<\/li>\n\n\n\n<li>Pr\u00e4sentation des Benutzerprofils f\u00fcr andere Benutzer<\/li>\n\n\n\n<li>Bearbeitung von Anfragen \u00fcber das Formular<\/li>\n\n\n\n<li>Erbringung der gew\u00fcnschten Dienstleistungen<\/li>\n<\/ul>\n<\/li>\n\n\n\n<li>Der Dienst f\u00fchrt Funktionen aus, um Informationen \u00fcber die Nutzer und ihr Verhalten auf folgende Weise zu erhalten:\n<ol class=\"wp-block-list\">\n<li>&nbsp;Durch die freiwillig in die Formulare eingegebenen Daten, die in die Systeme des Betreibers eingegeben werden.<\/li>\n\n\n\n<li>Durch die Speicherung von Cookies (sog. \u201eCookies\") auf den Endger\u00e4ten.<\/li>\n<\/ol>\n<\/li>\n<\/ol>\n\n\n\n<h2 class=\"wp-block-heading\">2. ausgew\u00e4hlte Datenschutzmethoden des Betreibers<\/h2>\n\n\n\n<ol class=\"wp-block-list\">\n<li>Die Login- und Personendaten-Eingabeseiten sind in der \u00dcbertragungsschicht gesch\u00fctzt (SSL-Zertifikat). Dadurch wird sichergestellt, dass die auf der Website eingegebenen pers\u00f6nlichen Daten und Anmeldedaten auf dem Computer des Benutzers verschl\u00fcsselt werden und nur auf dem Zielserver gelesen werden k\u00f6nnen.<\/li>\n\n\n\n<li>Die in der Datenbank gespeicherten personenbezogenen Daten werden so verschl\u00fcsselt, dass nur derjenige, der den Operator-Schl\u00fcssel besitzt, sie lesen kann. Auf diese Weise sind die Daten gesch\u00fctzt, falls die Datenbank vom Server gestohlen wird.<\/li>\n\n\n\n<li>Benutzerpassw\u00f6rter werden in Hash-Form gespeichert. Die Hash-Funktion arbeitet in einer Einbahnstra\u00dfe - es ist nicht m\u00f6glich, ihre Funktion umzukehren, was heute der moderne Standard f\u00fcr die Speicherung von Benutzerpassw\u00f6rtern ist.<\/li>\n\n\n\n<li>Der Betreiber \u00e4ndert in regelm\u00e4\u00dfigen Abst\u00e4nden seine administrativen Passw\u00f6rter.<\/li>\n\n\n\n<li>Um das Risiko eines unbefugten Zugriffs auf Daten zu minimieren, verwendet der Betreiber zusammengesetzte Passw\u00f6rter, die Gro\u00df- und Kleinbuchstaben, Ziffern und Sonderzeichen enthalten und nicht k\u00fcrzer als 8 Zeichen sind.<\/li>\n\n\n\n<li>Ein wichtiges Element des Datenschutzes ist die regelm\u00e4\u00dfige Aktualisierung der gesamten Software, die der Betreiber zur Verarbeitung personenbezogener Daten einsetzt, d.h. insbesondere die regelm\u00e4\u00dfige Aktualisierung der Softwarekomponenten.<\/li>\n\n\n\n<li>Um die Daten zu sch\u00fctzen, erstellt der Betreiber regelm\u00e4\u00dfig Sicherungskopien.<\/li>\n<\/ol>\n\n\n\n<h2 class=\"wp-block-heading\">3. das Hosting<\/h2>\n\n\n\n<ol class=\"wp-block-list\">\n<li>Der Dienst wird auf dem Server des Betreibers gehostet (technisch gewartet): lh.pl<\/li>\n\n\n\n<li>Das Hosting-Unternehmen f\u00fchrt auf Serverebene Protokolle, um die technische Zuverl\u00e4ssigkeit zu gew\u00e4hrleisten. Die Protokolle k\u00f6nnen Folgendes enthalten:\n<ul class=\"wp-block-list\">\n<li>Ressourcen, die durch einen URL-Bezeichner angegeben werden (Adressen der angeforderten Ressourcen - Seiten, Dateien),<\/li>\n\n\n\n<li>den Zeitpunkt der Untersuchung,<\/li>\n\n\n\n<li>Zeitpunkt der \u00dcbermittlung der Antwort,<\/li>\n\n\n\n<li>der Name der Client-Station - Identifizierung \u00fcber das HTTP-Protokoll,<\/li>\n\n\n\n<li>Informationen \u00fcber Fehler, die w\u00e4hrend der Ausf\u00fchrung der HTTP-Transaktion aufgetreten sind,<\/li>\n\n\n\n<li>die URL einer zuvor vom Nutzer besuchten Seite (Referer-Link), falls ein Link zur Website besteht,<\/li>\n\n\n\n<li>Informationen \u00fcber den Browser des Benutzers,<\/li>\n\n\n\n<li>Informationen zur IP-Adresse,<\/li>\n\n\n\n<li>diagnostische Informationen im Zusammenhang mit dem Prozess der Selbstbestellung von Dienstleistungen \u00fcber Registrierstellen auf der Website,<\/li>\n\n\n\n<li>Informationen im Zusammenhang mit der Bearbeitung von E-Mails, die an den Betreiber gerichtet sind und von ihm versandt werden.<\/li>\n<\/ul>\n<\/li>\n<\/ol>\n\n\n\n<h2 class=\"wp-block-heading\">4. Ihre Rechte und zus\u00e4tzliche Informationen \u00fcber die Verwendung Ihrer Daten<\/h2>\n\n\n\n<ol class=\"wp-block-list\">\n<li>In bestimmten Situationen hat der Verwalter das Recht, Ihre personenbezogenen Daten an andere Empf\u00e4nger zu \u00fcbermitteln, wenn dies f\u00fcr die Erf\u00fcllung eines mit Ihnen geschlossenen Vertrags oder f\u00fcr die Erf\u00fcllung der dem Verwalter obliegenden Verpflichtungen erforderlich ist. Dies gilt f\u00fcr solche Gruppen von Empf\u00e4ngern:\n<ul class=\"wp-block-list\">\n<li>Hosting-Unternehmen auf delegierter Basis<\/li>\n\n\n\n<li>Zahlungsdienstleister<\/li>\n\n\n\n<li>Unternehmen, die dem Verwalter Marketingdienstleistungen anbieten<\/li>\n<\/ul>\n<\/li>\n\n\n\n<li>Ihre personenbezogenen Daten werden vom Verwalter nur so lange verarbeitet, wie es f\u00fcr die Durchf\u00fchrung der damit verbundenen T\u00e4tigkeiten erforderlich ist, die in gesonderten Vorschriften festgelegt sind (z. B. zur Buchf\u00fchrung). Im Hinblick auf Marketingdaten werden die Daten nicht l\u00e4nger als 3 Jahre verarbeitet.<\/li>\n\n\n\n<li>Sie haben das Recht, sich an den Verwalter zu wenden:\n<ul class=\"wp-block-list\">\n<li>Zugang zu den Sie betreffenden personenbezogenen Daten,<\/li>\n\n\n\n<li>ihre Berichtigung,<\/li>\n\n\n\n<li>L\u00f6schungen,<\/li>\n\n\n\n<li>Einschr\u00e4nkung der Verarbeitung,<\/li>\n\n\n\n<li>und Daten\u00fcbertragbarkeit.<\/li>\n<\/ul>\n<\/li>\n\n\n\n<li>Sie haben das Recht, der unter 3.3 c) genannten Verarbeitung personenbezogener Daten zur Wahrung der berechtigten Interessen des f\u00fcr die Verarbeitung Verantwortlichen, einschlie\u00dflich des Profilings, zu widersprechen, wobei das Widerspruchsrecht nicht ausge\u00fcbt werden kann, wenn berechtigte Gr\u00fcnde f\u00fcr die Verarbeitung vorliegen, die Ihre Interessen, Rechte und Freiheiten \u00fcberwiegen, insbesondere die Feststellung, Geltendmachung oder Verteidigung von Anspr\u00fcchen.<\/li>\n\n\n\n<li>Gegen die Handlungen des Verwalters kann beim Pr\u00e4sidenten des Amtes f\u00fcr den Schutz personenbezogener Daten, ul. Stawki 2, 00-193 Warschau, Beschwerde eingelegt werden.<\/li>\n\n\n\n<li>Die Angabe von personenbezogenen Daten ist freiwillig, aber f\u00fcr den Betrieb des Dienstes erforderlich.<\/li>\n\n\n\n<li>Eine automatisierte Entscheidungsfindung, einschlie\u00dflich Profiling, kann in Bezug auf Sie zum Zweck der Erbringung von Dienstleistungen im Rahmen des geschlossenen Vertrags und zum Zweck der Direktwerbung durch den Verwalter erfolgen.<\/li>\n\n\n\n<li>Personenbezogene Daten werden aus Drittl\u00e4ndern im Sinne der Datenschutzgesetzgebung \u00fcbermittelt. Dies bedeutet, dass wir sie au\u00dferhalb der Europ\u00e4ischen Union \u00fcbermitteln.<\/li>\n<\/ol>\n\n\n\n<h2 class=\"wp-block-heading\">5. Informationen zu den Formularen<\/h2>\n\n\n\n<ol class=\"wp-block-list\">\n<li>Die Website sammelt Informationen, die der Nutzer freiwillig zur Verf\u00fcgung stellt, einschlie\u00dflich personenbezogener Daten, sofern diese zur Verf\u00fcgung gestellt werden.<\/li>\n\n\n\n<li>Der Dienst kann Informationen \u00fcber die Verbindungsparameter (Zeitstempel, IP-Adresse) speichern.<\/li>\n\n\n\n<li>Die Website kann in einigen F\u00e4llen Informationen speichern, um die Daten im Formular mit der E-Mail-Adresse des Benutzers, der das Formular ausf\u00fcllt, zu verkn\u00fcpfen. In diesem Fall erscheint die E-Mail-Adresse des Nutzers innerhalb der URL der Seite, die das Formular enth\u00e4lt.<\/li>\n\n\n\n<li>Die im Formular angegebenen Daten werden zu dem Zweck verarbeitet, der sich aus der Funktion des jeweiligen Formulars ergibt, z. B. zur Bearbeitung einer Serviceanfrage oder eines Verkaufskontakts, zur Registrierung von Dienstleistungen usw. Aus dem Kontext und der Beschreibung des Formulars geht jeweils klar hervor, wof\u00fcr es verwendet wird.<\/li>\n<\/ol>\n\n\n\n<h2 class=\"wp-block-heading\">6 Administratorprotokolle<\/h2>\n\n\n\n<ol class=\"wp-block-list\">\n<li>Informationen \u00fcber das Nutzerverhalten auf der Website k\u00f6nnen protokolliert werden. Diese Daten werden f\u00fcr die Verwaltung der Website verwendet.<\/li>\n<\/ol>\n\n\n\n<h2 class=\"wp-block-heading\">7 Relevante Marketingtechniken<\/h2>\n\n\n\n<ol class=\"wp-block-list\">\n<li>Der Betreiber nutzt die statistische Auswertung des Website-Verkehrs \u00fcber Google Analytics (Google Inc., mit Sitz in den USA). Der Betreiber \u00fcbermittelt keine personenbezogenen Daten an den Betreiber dieses Dienstes, sondern nur anonymisierte Informationen. Der Dienst basiert auf der Verwendung von Cookies auf dem Endger\u00e4t des Nutzers. Was die vom Google-Werbenetzwerk gesammelten Informationen \u00fcber die Nutzerpr\u00e4ferenzen betrifft, so kann der Nutzer die aus den Cookies resultierenden Informationen mit Hilfe des folgenden Tools einsehen und bearbeiten: https:\/\/www.google.com\/ads\/preferences\/.<\/li>\n\n\n\n<li>Der Betreiber verwendet das Facebook-Pixel. Diese Technologie stellt sicher, dass Facebook (Facebook Inc., USA) wei\u00df, dass eine dort registrierte Person die Website nutzt. Der Betreiber \u00fcbermittelt keine zus\u00e4tzlichen personenbezogenen Daten an Facebook. Der Dienst basiert auf der Verwendung von Cookies auf dem Endger\u00e4t des Nutzers.<\/li>\n\n\n\n<li>Der Betreiber verwendet Remarketing-Techniken, um Werbebotschaften auf das Verhalten des Nutzers auf der Website abzustimmen, was den Anschein erwecken kann, dass die pers\u00f6nlichen Daten des Nutzers verwendet werden, um den Nutzer zu verfolgen, aber in der Praxis werden keine pers\u00f6nlichen Daten vom Betreiber an die Werbebetreiber \u00fcbertragen. Eine technische Voraussetzung f\u00fcr solche Aktivit\u00e4ten ist, dass Cookies aktiviert sind.<\/li>\n<\/ol>\n\n\n\n<h2 class=\"wp-block-heading\">8 Informationen \u00fcber Cookies<\/h2>\n\n\n\n<ol class=\"wp-block-list\">\n<li>Die Website verwendet Cookies.<\/li>\n\n\n\n<li>Cookies (sog. \u201eKekse\") sind IT-Daten, insbesondere Textdateien, die auf dem Endger\u00e4t des Dienstnutzers gespeichert werden und f\u00fcr die Nutzung der Website bestimmt sind. Cookies enthalten in der Regel den Namen der Website, von der sie stammen, die Zeit, in der sie auf dem Endger\u00e4t gespeichert werden, und eine eindeutige Nummer.<\/li>\n\n\n\n<li>Die Stelle, die Cookies auf den Endger\u00e4ten der Nutzer platziert und Zugang zu ihnen erh\u00e4lt, ist der Betreiber des Dienstes.<\/li>\n\n\n\n<li>Cookies werden f\u00fcr die folgenden Zwecke verwendet:\n<ol class=\"wp-block-list\">\n<li>&nbsp;Aufrechterhaltung einer Sitzung des Website-Benutzers (nach dem Einloggen), dank derer der Benutzer sein Login und sein Passwort nicht auf jeder Unterseite der Website erneut eingeben muss;<\/li>\n\n\n\n<li>um die oben unter \"Wesentliche Marketingtechniken\" genannten Ziele zu erreichen;<\/li>\n<\/ol>\n<\/li>\n\n\n\n<li>Die Website verwendet zwei Haupttypen von Cookies: \u201eSession\" (Sitzungscookies) und \u201epermanente\" (dauerhafte Cookies). \u201eSitzungs-Cookies\" sind tempor\u00e4re Dateien, die auf dem Endger\u00e4t des Nutzers gespeichert werden, bis dieser sich abmeldet, die Website verl\u00e4sst oder die Software (Webbrowser) ausschaltet. \u201eDauerhafte\" Cookies werden auf dem Endger\u00e4t des Nutzers f\u00fcr die in den Cookie-Parametern angegebene Zeit oder bis zu ihrer L\u00f6schung durch den Nutzer gespeichert.<\/li>\n\n\n\n<li>Die Web-Browsing-Software (Webbrowser) erlaubt in der Regel standardm\u00e4\u00dfig die Speicherung von Cookies auf dem Endger\u00e4t des Nutzers. Die Nutzer der Website k\u00f6nnen ihre diesbez\u00fcglichen Einstellungen \u00e4ndern. Der Internet-Browser bietet die M\u00f6glichkeit, Cookies zu l\u00f6schen. Es ist auch m\u00f6glich, Cookies automatisch zu blockieren. Einzelheiten entnehmen Sie bitte der Hilfe oder Dokumentation Ihres Internet-Browsers.<\/li>\n\n\n\n<li>Einschr\u00e4nkungen bei der Verwendung von Cookies k\u00f6nnen einige der auf der Website verf\u00fcgbaren Funktionen beeintr\u00e4chtigen.<\/li>\n\n\n\n<li>Die im Endger\u00e4t des Nutzers des Dienstes platzierten Cookies k\u00f6nnen auch von Einrichtungen verwendet werden, die mit dem Betreiber des Dienstes zusammenarbeiten, insbesondere von Unternehmen: Google (Google Inc. mit Sitz in den USA), Facebook (Facebook Inc. mit Sitz in den USA), Twitter (Twitter Inc. mit Sitz in den USA).<\/li>\n<\/ol>\n\n\n\n<h2 class=\"wp-block-heading\">9. die Verwaltung von Cookies - wie wird die Zustimmung in der Praxis erteilt und zur\u00fcckgezogen?<\/h2>\n\n\n\n<ol class=\"wp-block-list\">\n<li>Wenn Sie keine Cookies erhalten m\u00f6chten, k\u00f6nnen Sie Ihre Browsereinstellungen \u00e4ndern. Wir weisen darauf hin, dass die Deaktivierung von Cookies, die f\u00fcr Authentifizierungsprozesse, die Sicherheit und die Beibehaltung von Benutzerpr\u00e4ferenzen unerl\u00e4sslich sind, die Nutzung der Websites erschweren und in extremen F\u00e4llen unm\u00f6glich machen kann<\/li>\n\n\n\n<li>Um Ihre Cookie-Einstellungen zu verwalten, w\u00e4hlen Sie den von Ihnen verwendeten Webbrowser aus der nachstehenden Liste aus und folgen Sie den Anweisungen:<ul><li><a href=\"https:\/\/support.microsoft.com\/pl-pl\/help\/10607\/microsoft-edge-view-delete-browser-history\" rel=\"nofollow noopener\" target=\"_blank\">Kante<\/a><\/li><li><a href=\"https:\/\/support.microsoft.com\/pl-pl\/help\/278835\/how-to-delete-cookie-files-in-internet-explorer\" rel=\"nofollow noopener\" target=\"_blank\">Internet Explorer<\/a><\/li><li><a href=\"http:\/\/support.google.com\/chrome\/bin\/answer.py?hl=pl&amp;answer=95647\" rel=\"nofollow noopener\" target=\"_blank\">Chrom<\/a><\/li><li><a href=\"http:\/\/support.apple.com\/kb\/PH5042\" rel=\"nofollow noopener\" target=\"_blank\">Safari<\/a><\/li><li><a href=\"http:\/\/support.mozilla.org\/pl\/kb\/W%C5%82%C4%85czanie%20i%20wy%C5%82%C4%85czanie%20obs%C5%82ugi%20ciasteczek\" rel=\"nofollow noopener\" target=\"_blank\">Firefox<\/a><\/li><li><a href=\"http:\/\/help.opera.com\/Windows\/12.10\/pl\/cookies.html\" rel=\"nofollow noopener\" target=\"_blank\">Oper<\/a><\/li><\/ul>Mobile Ger\u00e4te:\n<ul class=\"wp-block-list\">\n<li><a href=\"http:\/\/support.google.com\/chrome\/bin\/answer.py?hl=pl&amp;answer=95647\" rel=\"nofollow noopener\" target=\"_blank\">Android<\/a><\/li>\n\n\n\n<li><a href=\"http:\/\/support.apple.com\/kb\/HT1677?viewlocale=pl_PL\" rel=\"nofollow noopener\" target=\"_blank\">Safari (iOS)<\/a><\/li>\n\n\n\n<li><a href=\"http:\/\/www.windowsphone.com\/pl-pl\/how-to\/wp7\/web\/changing-privacy-and-other-browser-settings\" rel=\"nofollow noopener\" target=\"_blank\">Windows Phone<\/a><\/li>\n<\/ul>\n<\/li>\n<\/ol>\n\n\n\n<p><\/p>","protected":false},"excerpt":{"rendered":"<p>1. Informacje og\u00f3lne 2. Wybrane metody ochrony danych stosowane przez Operatora 3. Hosting 4. Twoje prawa i dodatkowe informacje o sposobie wykorzystania danych 5. Informacje w formularzach 6. Logi Administratora 7. Istotne techniki marketingowe 8. Informacja o plikach cookies 9. Zarz\u0105dzanie plikami cookies \u2013 jak w praktyce wyra\u017ca\u0107 i cofa\u0107 zgod\u0119?<\/p>","protected":false},"author":1,"featured_media":0,"parent":0,"menu_order":0,"comment_status":"closed","ping_status":"closed","template":"","meta":{"footnotes":""},"class_list":["post-3","page","type-page","status-publish","hentry"],"acf":[],"_links":{"self":[{"href":"https:\/\/kotekmarysi.pl\/de\/wp-json\/wp\/v2\/pages\/3","targetHints":{"allow":["GET"]}}],"collection":[{"href":"https:\/\/kotekmarysi.pl\/de\/wp-json\/wp\/v2\/pages"}],"about":[{"href":"https:\/\/kotekmarysi.pl\/de\/wp-json\/wp\/v2\/types\/page"}],"author":[{"embeddable":true,"href":"https:\/\/kotekmarysi.pl\/de\/wp-json\/wp\/v2\/users\/1"}],"replies":[{"embeddable":true,"href":"https:\/\/kotekmarysi.pl\/de\/wp-json\/wp\/v2\/comments?post=3"}],"version-history":[{"count":5,"href":"https:\/\/kotekmarysi.pl\/de\/wp-json\/wp\/v2\/pages\/3\/revisions"}],"predecessor-version":[{"id":2791,"href":"https:\/\/kotekmarysi.pl\/de\/wp-json\/wp\/v2\/pages\/3\/revisions\/2791"}],"wp:attachment":[{"href":"https:\/\/kotekmarysi.pl\/de\/wp-json\/wp\/v2\/media?parent=3"}],"curies":[{"name":"wp","href":"https:\/\/api.w.org\/{rel}","templated":true}]}}